{"id":725,"date":"2023-07-21T08:41:54","date_gmt":"2023-07-21T08:41:54","guid":{"rendered":"https:\/\/www.cloudmarketing.se\/?page_id=725"},"modified":"2023-07-21T08:41:54","modified_gmt":"2023-07-21T08:41:54","slug":"cookiepolicy","status":"publish","type":"page","link":"https:\/\/www.cloudmarketing.se\/index.php\/cookiepolicy\/","title":{"rendered":"Cookiepolicy"},"content":{"rendered":"<p>[et_pb_section fb_built=&#8221;1&#8243; _builder_version=&#8221;4.19.0&#8243; hover_enabled=&#8221;0&#8243; global_colors_info=&#8221;{}&#8221; sticky_enabled=&#8221;0&#8243; title_text=&#8221;marco-krenn-109199-unsplash&#8221; background_image=&#8221;https:\/\/www.cloudmarketing.se\/wp-content\/uploads\/2019\/03\/marco-krenn-109199-unsplash-e1554468207580.jpg&#8221; use_background_color_gradient=&#8221;on&#8221; background_color_gradient_stops=&#8221;rgba(0,0,0,0.86) 1%|rgba(10,10,10,0.49) 99%&#8221; background_enable_color=&#8221;off&#8221; background_color_gradient_overlays_image=&#8221;on&#8221; custom_padding=&#8221;||152px|||&#8221;][et_pb_row _builder_version=&#8221;4.16&#8243; background_size=&#8221;initial&#8221; background_position=&#8221;top_left&#8221; background_repeat=&#8221;repeat&#8221; global_colors_info=&#8221;{}&#8221; custom_margin=&#8221;60px|auto||auto||&#8221; min_height=&#8221;101px&#8221;][et_pb_column type=&#8221;4_4&#8243; _builder_version=&#8221;4.16&#8243; custom_padding=&#8221;|||&#8221; global_colors_info=&#8221;{}&#8221; custom_padding__hover=&#8221;|||&#8221;][et_pb_text _builder_version=&#8221;4.19.0&#8243; background_size=&#8221;initial&#8221; background_position=&#8221;top_left&#8221; background_repeat=&#8221;repeat&#8221; hover_enabled=&#8221;0&#8243; global_colors_info=&#8221;{}&#8221; header_font_size=&#8221;40px&#8221; header_text_color=&#8221;#FFFFFF&#8221; header_font=&#8221;|700|||||||&#8221; sticky_enabled=&#8221;0&#8243;]<\/p>\n<h1>Cookie- &amp; integritetspolicy.<\/h1>\n<p>[\/et_pb_text][\/et_pb_column][\/et_pb_row][\/et_pb_section][et_pb_section fb_built=&#8221;1&#8243; theme_builder_area=&#8221;post_content&#8221; _builder_version=&#8221;4.19.0&#8243; _module_preset=&#8221;default&#8221; custom_padding=&#8221;||106px|||&#8221;][et_pb_row _builder_version=&#8221;4.19.0&#8243; _module_preset=&#8221;default&#8221; theme_builder_area=&#8221;post_content&#8221;][et_pb_column _builder_version=&#8221;4.19.0&#8243; _module_preset=&#8221;default&#8221; type=&#8221;4_4&#8243; theme_builder_area=&#8221;post_content&#8221;][et_pb_text _builder_version=&#8221;4.19.0&#8243; _module_preset=&#8221;default&#8221; theme_builder_area=&#8221;post_content&#8221; hover_enabled=&#8221;0&#8243; sticky_enabled=&#8221;0&#8243;]<\/p>\n<h1>Vi anv\u00e4nder cookies.<\/h1>\n<p>[\/et_pb_text][et_pb_text _builder_version=&#8221;4.19.0&#8243; _module_preset=&#8221;default&#8221; theme_builder_area=&#8221;post_content&#8221; hover_enabled=&#8221;0&#8243; sticky_enabled=&#8221;0&#8243; custom_padding=&#8221;|280px||||&#8221; custom_padding_last_edited=&#8221;on|desktop&#8221; custom_padding_tablet=&#8221;|0px|||false|false&#8221; custom_padding_phone=&#8221;|0px|||false|false&#8221;]<\/p>\n<p>Vi v\u00e4rdes\u00e4tter din integritet och str\u00e4var efter att skapa en s\u00e4ker och p\u00e5litlig upplevelse f\u00f6r dig som bes\u00f6ker v\u00e5r webbplats. Genom denna policy f\u00f6rklarar vi hur vi anv\u00e4nder cookies och hanterar din personliga information. Vi vill att du ska k\u00e4nna dig trygg n\u00e4r du anv\u00e4nder v\u00e5ra tj\u00e4nster och vara informerad om vilken typ av data vi samlar in och hur den anv\u00e4nds.<\/p>\n<p>[\/et_pb_text][\/et_pb_column][\/et_pb_row][et_pb_row _builder_version=&#8221;4.19.0&#8243; _module_preset=&#8221;default&#8221; column_structure=&#8221;1_2,1_2&#8243; theme_builder_area=&#8221;post_content&#8221;][et_pb_column _builder_version=&#8221;4.19.0&#8243; _module_preset=&#8221;default&#8221; type=&#8221;1_2&#8243; theme_builder_area=&#8221;post_content&#8221;][et_pb_text _builder_version=&#8221;4.19.0&#8243; _module_preset=&#8221;default&#8221; theme_builder_area=&#8221;post_content&#8221; hover_enabled=&#8221;0&#8243; sticky_enabled=&#8221;0&#8243;]<\/p>\n<p><strong>Vad \u00e4r en cookie?<\/strong><br \/>Cookies \u00e4r sm\u00e5 textfiler som sparas tillf\u00e4lligt p\u00e5 din dator n\u00e4r du bes\u00f6ker v\u00e5r webbplats. Dessa filer inneh\u00e5ller information om ditt bes\u00f6k, till exempel dina preferenser och aktiviteter p\u00e5 webbplatsen.<\/p>\n<p><strong>Varf\u00f6r anv\u00e4nder vi cookies?<\/strong><br \/>Vi anv\u00e4nder cookies f\u00f6r att f\u00f6rb\u00e4ttra din upplevelse genom att spara dina inst\u00e4llningar och ge dig personlig webbupplevelse. Genom att spara dina preferenser och beteenden p\u00e5 webbplatsen, kan du enkelt \u00e5terv\u00e4nda till webbplatsen och ha samma inst\u00e4llningar som f\u00f6rra g\u00e5ngen du bes\u00f6kte den. Cookies hj\u00e4lper ocks\u00e5 webbplatser att anpassa inneh\u00e5llet till dina intressen och behov.<\/p>\n<p><strong>N\u00f6dv\u00e4ndiga cookies.<\/strong><br \/>N\u00f6dv\u00e4ndiga cookies \u00e4r en typ av cookie som \u00e4r n\u00f6dv\u00e4ndig f\u00f6r att webbplatsen ska fungera som den ska. Dessa cookies anv\u00e4nds f\u00f6r funktioner som att lagra anv\u00e4ndarinmatningar p\u00e5 en webbsida, autentisera anv\u00e4ndare, och f\u00f6r att se till att webbplatsen fungerar korrekt.\u00a0<\/p>\n<p><strong>Hur g\u00f6r jag om jag inte vill att ni ska spara mina cookies?<\/strong><br \/>Du kan alltid inaktivera dem i din webbl\u00e4sares inst\u00e4llningar. Varje webbl\u00e4sare har olika instruktioner f\u00f6r hur man g\u00f6r detta, kontrollera instruktionerna f\u00f6r din specifika webbl\u00e4sare. T\u00e4nk p\u00e5 att om du inaktiverar cookies kanske vissa delar av webbplatsen inte fungerar som det ska f\u00f6r dig och din upplevelse p\u00e5 webbplatsen kan f\u00f6rs\u00e4mras.<\/p>\n<p><em>Om du fortfarande undrar \u00f6ver cookies kan du l\u00e4sa mer om dem p\u00e5 PTS (post- och telestyrelsens) hemsida &#8211; <a href=\"http:\/\/www.pts.se\">www.pts.se<\/a><\/em><\/p>\n<p>[\/et_pb_text][\/et_pb_column][et_pb_column _builder_version=&#8221;4.19.0&#8243; _module_preset=&#8221;default&#8221; type=&#8221;1_2&#8243; theme_builder_area=&#8221;post_content&#8221;][et_pb_text _builder_version=&#8221;4.19.0&#8243; _module_preset=&#8221;default&#8221; theme_builder_area=&#8221;post_content&#8221; hover_enabled=&#8221;0&#8243; sticky_enabled=&#8221;0&#8243;]<\/p>\n<p><strong>Hur vi hanterar dina personliga uppgifter.<\/strong><br \/>Vi tar din integritet p\u00e5 st\u00f6rsta allvar och v\u00e4rnar om att skydda dina personuppgifter. Vi samlar in och anv\u00e4nder endast personuppgifter som \u00e4r relevanta f\u00f6r v\u00e5rt arbete.<\/p>\n<p><strong>Vilken typ av personuppgifter samlar vi in?<\/strong><\/p>\n<ul>\n<li>Namn, e-postadress och andra kontaktuppgifter som du tillhandah\u00e5ller n\u00e4r du registrerar dig f\u00f6r v\u00e5ra tj\u00e4nster eller n\u00e4r du kontaktar oss direkt.<\/li>\n<li>Information om din anv\u00e4ndning av v\u00e5ra tj\u00e4nster, inklusive IP-adress, enhetsinformation och bes\u00f6ksstatistik.<\/li>\n<li>Annan information som du v\u00e4ljer att ge oss n\u00e4r du anv\u00e4nder v\u00e5ra tj\u00e4nster.<\/li>\n<\/ul>\n<p><strong>Varf\u00f6r samlar vi in personuppgifter?<\/strong><br \/>Vi samlar in personuppgifter f\u00f6r att tillhandah\u00e5lla v\u00e5ra tj\u00e4nster till dig, f\u00f6rb\u00e4ttra dina upplevelser med v\u00e5ra tj\u00e4nster och f\u00f6r att hantera v\u00e5r aff\u00e4rsverksamhet p\u00e5 ett effektivt s\u00e4tt.<\/p>\n<p><strong>Vi anv\u00e4nder personuppgifter f\u00f6r f\u00f6ljande \u00e4ndam\u00e5l:<\/strong><\/p>\n<ul>\n<li>F\u00f6r att tillhandah\u00e5lla v\u00e5ra tj\u00e4nster till dig.<\/li>\n<li>F\u00f6r att kommunicera med dig om v\u00e5ra tj\u00e4nster och relaterade \u00e4mnen.<\/li>\n<li>F\u00f6r att f\u00f6rb\u00e4ttra v\u00e5ra tj\u00e4nster och utveckla nya produkter och funktioner.<\/li>\n<li>F\u00f6r att genomf\u00f6ra analyser och unders\u00f6kningar samt f\u00f6r att f\u00f6rb\u00e4ttra v\u00e5ra tj\u00e4nster och anv\u00e4ndarupplevelsen.<\/li>\n<li>F\u00f6r att hantera v\u00e5r aff\u00e4rsverksamhet, inklusive fakturering, betalningar och kundsupport.<\/li>\n<\/ul>\n<p><strong>Hur delar vi personuppgifter?<\/strong><br \/>Vi delar inte personuppgifter med tredje part utan ditt samtycke, f\u00f6rutom i de fall d\u00e4r det \u00e4r n\u00f6dv\u00e4ndigt f\u00f6r att tillhandah\u00e5lla v\u00e5ra tj\u00e4nster till dig, eller n\u00e4r vi \u00e4r skyldiga att g\u00f6ra det enligt lag.<\/p>\n<p><strong>Hur lagrar vi personuppgifter?<\/strong><br \/>Vi lagrar personuppgifter s\u00e5 l\u00e4nge som det \u00e4r n\u00f6dv\u00e4ndigt f\u00f6r att tillhandah\u00e5lla v\u00e5ra tj\u00e4nster till dig. N\u00e4r personuppgifter inte l\u00e4ngre beh\u00f6vs kommer vi att radera dem p\u00e5 ett s\u00e4kert s\u00e4tt.<\/p>\n<p><strong>Hur skyddar vi personuppgifter?<\/strong><br \/>Vi vidtar l\u00e4mpliga tekniska och organisatoriska \u00e5tg\u00e4rder f\u00f6r att skydda personuppgifter fr\u00e5n obeh\u00f6rig \u00e5tkomst, missbruk och f\u00f6rlust.<\/p>\n<p><strong>Vilka r\u00e4ttigheter har du?<\/strong><br \/>Du har r\u00e4tt att beg\u00e4ra tillg\u00e5ng till och r\u00e4ttelse av dina personuppgifter, samt att beg\u00e4ra radering eller begr\u00e4nsning av behandlingen av dina personuppgifter. Du har ocks\u00e5 r\u00e4tt att inv\u00e4nda mot behandlingen av dina personuppgifter.<\/p>\n<p>[\/et_pb_text][\/et_pb_column][\/et_pb_row][\/et_pb_section]<\/p>\n","protected":false},"excerpt":{"rendered":"<p>Cookie- &amp; integritetspolicy.Vi anv\u00e4nder cookies.Vi v\u00e4rdes\u00e4tter din integritet och str\u00e4var efter att skapa en s\u00e4ker och p\u00e5litlig upplevelse f\u00f6r dig som bes\u00f6ker v\u00e5r webbplats. Genom denna policy f\u00f6rklarar vi hur vi anv\u00e4nder cookies och hanterar din personliga information. Vi vill att du ska k\u00e4nna dig trygg n\u00e4r du anv\u00e4nder v\u00e5ra tj\u00e4nster och vara informerad om [&hellip;]<\/p>\n","protected":false},"author":8,"featured_media":0,"parent":0,"menu_order":0,"comment_status":"closed","ping_status":"closed","template":"","meta":{"_et_pb_use_builder":"on","_et_pb_old_content":"<p>\u00a0<\/p><p>\u00a0<\/p>","_et_gb_content_width":"","_mi_skip_tracking":false,"footnotes":""},"_links":{"self":[{"href":"https:\/\/www.cloudmarketing.se\/index.php\/wp-json\/wp\/v2\/pages\/725"}],"collection":[{"href":"https:\/\/www.cloudmarketing.se\/index.php\/wp-json\/wp\/v2\/pages"}],"about":[{"href":"https:\/\/www.cloudmarketing.se\/index.php\/wp-json\/wp\/v2\/types\/page"}],"author":[{"embeddable":true,"href":"https:\/\/www.cloudmarketing.se\/index.php\/wp-json\/wp\/v2\/users\/8"}],"replies":[{"embeddable":true,"href":"https:\/\/www.cloudmarketing.se\/index.php\/wp-json\/wp\/v2\/comments?post=725"}],"version-history":[{"count":3,"href":"https:\/\/www.cloudmarketing.se\/index.php\/wp-json\/wp\/v2\/pages\/725\/revisions"}],"predecessor-version":[{"id":729,"href":"https:\/\/www.cloudmarketing.se\/index.php\/wp-json\/wp\/v2\/pages\/725\/revisions\/729"}],"wp:attachment":[{"href":"https:\/\/www.cloudmarketing.se\/index.php\/wp-json\/wp\/v2\/media?parent=725"}],"curies":[{"name":"wp","href":"https:\/\/api.w.org\/{rel}","templated":true}]}}